{"id":3,"date":"2025-06-27T09:00:49","date_gmt":"2025-06-27T12:00:49","guid":{"rendered":"http:\/\/localhost\/wordpress\/?page_id=3"},"modified":"2025-06-27T14:59:12","modified_gmt":"2025-06-27T17:59:12","slug":"politica-de-privacidade","status":"publish","type":"page","link":"https:\/\/dreamsquad.com.br\/en\/politica-de-privacidade\/","title":{"rendered":"Pol\u00edtica de privacidade"},"content":{"rendered":"<div data-elementor-type=\"wp-page\" data-elementor-id=\"3\" class=\"elementor elementor-3\" data-elementor-post-type=\"page\">\n\t\t\t\t<div class=\"elementor-element elementor-element-2bb32f6f e-flex e-con-boxed e-con e-parent\" data-id=\"2bb32f6f\" data-element_type=\"container\">\n\t\t\t\t\t<div class=\"e-con-inner\">\n\t\t\t\t<div class=\"elementor-element elementor-element-8aba3f4 txtt elementor-widget elementor-widget-text-editor\" data-id=\"8aba3f4\" data-element_type=\"widget\" data-widget_type=\"text-editor.default\">\n\t\t\t\t<div class=\"elementor-widget-container\">\n\t\t\t\t\t\t\t\t\t<p>DreamSquad Tecnologia LTDA<\/p>\t\t\t\t\t\t\t\t<\/div>\n\t\t\t\t<\/div>\n\t\t\t\t<div class=\"elementor-element elementor-element-4f96763 txtazul elementor-widget elementor-widget-text-editor\" data-id=\"4f96763\" data-element_type=\"widget\" data-widget_type=\"text-editor.default\">\n\t\t\t\t<div class=\"elementor-widget-container\">\n\t\t\t\t\t\t\t\t\t<p>contato@dreamsquad.com.br<\/p>\t\t\t\t\t\t\t\t<\/div>\n\t\t\t\t<\/div>\n\t\t\t\t<div class=\"elementor-element elementor-element-25820d59 txtt elementor-widget elementor-widget-text-editor\" data-id=\"25820d59\" data-element_type=\"widget\" data-widget_type=\"text-editor.default\">\n\t\t\t\t<div class=\"elementor-widget-container\">\n\t\t\t\t\t\t\t\t\t<p>Pol\u00edtica de Privacidade<\/p>\t\t\t\t\t\t\t\t<\/div>\n\t\t\t\t<\/div>\n\t\t\t\t<div class=\"elementor-element elementor-element-324fa9e txtt elementor-widget elementor-widget-text-editor\" data-id=\"324fa9e\" data-element_type=\"widget\" data-widget_type=\"text-editor.default\">\n\t\t\t\t<div class=\"elementor-widget-container\">\n\t\t\t\t\t\t\t\t\t<p><strong>1. Informa\u00e7\u00f5es Gerais<\/strong><br \/>1.1. Esta Pol\u00edtica de Privacidade descreve como coletamos, usamos, armazenamos e protegemos as informa\u00e7\u00f5es pessoais que voc\u00ea fornece em nosso site https:\/\/dreamsquad.com.br<\/p><p>1.2. Ao visitar nosso site, voc\u00ea concorda com as pr\u00e1ticas descritas nesta pol\u00edtica de privacidade.<strong>2. Informa\u00e7\u00f5es que Coletamos<\/strong><br \/>2.1. Podemos coletar informa\u00e7\u00f5es pessoais, como nome, endere\u00e7o de e-mail, endere\u00e7o f\u00edsico e outras informa\u00e7\u00f5es que voc\u00ea voluntariamente forne\u00e7a ao preencher formul\u00e1rios em nosso site.<\/p><p>2.2. Tamb\u00e9m podemos coletar informa\u00e7\u00f5es n\u00e3o pessoais, como o tipo de navegador utilizado, o sistema operacional do dispositivo, endere\u00e7os IP e dados agregados sobre o uso do site, que nos ajudam a melhorar a experi\u00eancia dos nossos visitantes.<\/p><p><strong>3. Uso das Informa\u00e7\u00f5es<\/strong><br \/>3.1. As informa\u00e7\u00f5es pessoais que coletamos ser\u00e3o usadas para os seguintes fins:<\/p><ul><li>Fornecer e personalizar nossos servi\u00e7os;<\/li><li>Responder a perguntas e solicita\u00e7\u00f5es;<\/li><li>Enviar informa\u00e7\u00f5es importantes sobre o site, como atualiza\u00e7\u00f5es e altera\u00e7\u00f5es nos termos de servi\u00e7o;<\/li><li>Enviar comunica\u00e7\u00f5es de marketing, se voc\u00ea consentir em receb\u00ea-las (voc\u00ea pode optar por n\u00e3o receber essas comunica\u00e7\u00f5es a qualquer momento);<\/li><li>Melhorar nossos produtos e servi\u00e7os.<\/li><\/ul><p>3.2. N\u00e3o venderemos, alugaremos ou divulgaremos suas informa\u00e7\u00f5es pessoais a terceiros, exceto conforme descrito nesta pol\u00edtica ou com o seu consentimento expl\u00edcito.<\/p><p><strong>4. Cookies e Tecnologias de Rastreamento<\/strong><br \/>4.1. Nosso site utiliza cookies e outras tecnologias de rastreamento para melhorar a experi\u00eancia do usu\u00e1rio e obter informa\u00e7\u00f5es sobre como os visitantes interagem com o site.<\/p><p><strong>5. Prote\u00e7\u00e3o das Informa\u00e7\u00f5es<\/strong><br \/>5.1. Adotamos medidas razo\u00e1veis de seguran\u00e7a para proteger suas informa\u00e7\u00f5es pessoais contra acesso n\u00e3o autorizado, altera\u00e7\u00e3o, divulga\u00e7\u00e3o ou destrui\u00e7\u00e3o.<\/p><p>5.2. No entanto, nenhum m\u00e9todo de transmiss\u00e3o pela internet ou m\u00e9todo de armazenamento eletr\u00f4nico \u00e9 100% seguro. Portanto, n\u00e3o podemos garantir sua seguran\u00e7a absoluta, embora nos esforcemos para proteger suas informa\u00e7\u00f5es.<\/p><p><strong>6. Links para Sites de Terceiros<\/strong><br \/>6.1. Nosso site pode conter links para sites de terceiros. N\u00e3o nos responsabilizamos pelas pr\u00e1ticas de privacidade desses sites e recomendamos que voc\u00ea leia as pol\u00edticas de privacidade deles antes de fornecer qualquer informa\u00e7\u00e3o pessoal.<\/p><p><strong>7. Altera\u00e7\u00f5es nesta Pol\u00edtica de Privacidade<\/strong><br \/>7.1. Reservamos o direito de alterar esta pol\u00edtica de privacidade a qualquer momento. Quaisquer altera\u00e7\u00f5es significativas ser\u00e3o notificadas em nosso site. \u00c9 sua responsabilidade revisar periodicamente esta pol\u00edtica para se manter informado sobre como estamos protegendo suas informa\u00e7\u00f5es.<\/p><p><strong>8. Contato<\/strong><br \/>8.1. Se voc\u00ea tiver alguma d\u00favida, preocupa\u00e7\u00e3o ou solicita\u00e7\u00e3o relacionada a esta pol\u00edtica de privacidade, entre em contato conosco por meio das informa\u00e7\u00f5es fornecidas no in\u00edcio deste documento.<\/p><p>Data de entrada em vigor: 04 de agosto de 2023<\/p>\t\t\t\t\t\t\t\t<\/div>\n\t\t\t\t<\/div>\n\t\t\t\t\t<\/div>\n\t\t\t\t<\/div>\n\t\t\t\t<\/div>","protected":false},"excerpt":{"rendered":"<p>DreamSquad Tecnologia LTDA contato@dreamsquad.com.br Pol\u00edtica de Privacidade 1. Informa\u00e7\u00f5es Gerais1.1. Esta Pol\u00edtica de Privacidade descreve como coletamos, usamos, armazenamos e protegemos as informa\u00e7\u00f5es pessoais que voc\u00ea fornece em nosso site https:\/\/dreamsquad.com.br 1.2. Ao visitar nosso site, voc\u00ea concorda com as pr\u00e1ticas descritas nesta pol\u00edtica de privacidade.2. Informa\u00e7\u00f5es que Coletamos2.1. Podemos coletar informa\u00e7\u00f5es pessoais, como nome, [&hellip;]<\/p>","protected":false},"author":1,"featured_media":0,"parent":0,"menu_order":0,"comment_status":"closed","ping_status":"closed","template":"","meta":{"footnotes":""},"class_list":["post-3","page","type-page","status-publish","hentry"],"yoast_head":"<!-- This site is optimized with the Yoast SEO Premium plugin v24.0 (Yoast SEO v25.6) - https:\/\/yoast.com\/wordpress\/plugins\/seo\/ -->\n<title>Pol\u00edtica de privacidade - DreamSquad<\/title>\n<meta name=\"robots\" content=\"index, follow, max-snippet:-1, max-image-preview:large, max-video-preview:-1\" \/>\n<link rel=\"canonical\" href=\"https:\/\/dreamsquad.com.br\/en\/politica-de-privacidade\/\" \/>\n<meta property=\"og:locale\" content=\"en_US\" \/>\n<meta property=\"og:type\" content=\"article\" \/>\n<meta property=\"og:title\" content=\"Pol\u00edtica de privacidade\" \/>\n<meta property=\"og:description\" content=\"DreamSquad Tecnologia LTDA contato@dreamsquad.com.br Pol\u00edtica de Privacidade 1. Informa\u00e7\u00f5es Gerais1.1. Esta Pol\u00edtica de Privacidade descreve como coletamos, usamos, armazenamos e protegemos as informa\u00e7\u00f5es pessoais que voc\u00ea fornece em nosso site https:\/\/dreamsquad.com.br 1.2. Ao visitar nosso site, voc\u00ea concorda com as pr\u00e1ticas descritas nesta pol\u00edtica de privacidade.2. Informa\u00e7\u00f5es que Coletamos2.1. Podemos coletar informa\u00e7\u00f5es pessoais, como nome, [&hellip;]\" \/>\n<meta property=\"og:url\" content=\"https:\/\/dreamsquad.com.br\/en\/politica-de-privacidade\/\" \/>\n<meta property=\"og:site_name\" content=\"DreamSquad\" \/>\n<meta property=\"article:modified_time\" content=\"2025-06-27T17:59:12+00:00\" \/>\n<meta name=\"twitter:card\" content=\"summary_large_image\" \/>\n<meta name=\"twitter:label1\" content=\"Est. reading time\" \/>\n\t<meta name=\"twitter:data1\" content=\"2 minutes\" \/>\n<script type=\"application\/ld+json\" class=\"yoast-schema-graph\">{\"@context\":\"https:\/\/schema.org\",\"@graph\":[{\"@type\":\"WebPage\",\"@id\":\"https:\/\/dreamsquad.com.br\/politica-de-privacidade\/\",\"url\":\"https:\/\/dreamsquad.com.br\/politica-de-privacidade\/\",\"name\":\"Pol\u00edtica de privacidade - DreamSquad\",\"isPartOf\":{\"@id\":\"https:\/\/dreamsquad.com.br\/#website\"},\"datePublished\":\"2025-06-27T12:00:49+00:00\",\"dateModified\":\"2025-06-27T17:59:12+00:00\",\"breadcrumb\":{\"@id\":\"https:\/\/dreamsquad.com.br\/politica-de-privacidade\/#breadcrumb\"},\"inLanguage\":\"en-US\",\"potentialAction\":[{\"@type\":\"ReadAction\",\"target\":[\"https:\/\/dreamsquad.com.br\/politica-de-privacidade\/\"]}]},{\"@type\":\"BreadcrumbList\",\"@id\":\"https:\/\/dreamsquad.com.br\/politica-de-privacidade\/#breadcrumb\",\"itemListElement\":[{\"@type\":\"ListItem\",\"position\":1,\"name\":\"In\u00edcio\",\"item\":\"https:\/\/dreamsquad.com.br\/\"},{\"@type\":\"ListItem\",\"position\":2,\"name\":\"Pol\u00edtica de privacidade\"}]},{\"@type\":\"WebSite\",\"@id\":\"https:\/\/dreamsquad.com.br\/#website\",\"url\":\"https:\/\/dreamsquad.com.br\/\",\"name\":\"DreamSquad\",\"description\":\"Refer\u00eancia em AWS, Dados e IA\",\"publisher\":{\"@id\":\"https:\/\/dreamsquad.com.br\/#organization\"},\"potentialAction\":[{\"@type\":\"SearchAction\",\"target\":{\"@type\":\"EntryPoint\",\"urlTemplate\":\"https:\/\/dreamsquad.com.br\/?s={search_term_string}\"},\"query-input\":{\"@type\":\"PropertyValueSpecification\",\"valueRequired\":true,\"valueName\":\"search_term_string\"}}],\"inLanguage\":\"en-US\"},{\"@type\":\"Organization\",\"@id\":\"https:\/\/dreamsquad.com.br\/#organization\",\"name\":\"DreamSquad\",\"url\":\"https:\/\/dreamsquad.com.br\/\",\"logo\":{\"@type\":\"ImageObject\",\"inLanguage\":\"en-US\",\"@id\":\"https:\/\/dreamsquad.com.br\/#\/schema\/logo\/image\/\",\"url\":\"https:\/\/dreamsquad.com.br\/wp-content\/uploads\/2024\/06\/Logo.png\",\"contentUrl\":\"https:\/\/dreamsquad.com.br\/wp-content\/uploads\/2024\/06\/Logo.png\",\"width\":186,\"height\":31,\"caption\":\"DreamSquad\"},\"image\":{\"@id\":\"https:\/\/dreamsquad.com.br\/#\/schema\/logo\/image\/\"}}]}<\/script>\n<!-- \/ Yoast SEO Premium plugin. -->","yoast_head_json":{"title":"Pol\u00edtica de privacidade - DreamSquad","robots":{"index":"index","follow":"follow","max-snippet":"max-snippet:-1","max-image-preview":"max-image-preview:large","max-video-preview":"max-video-preview:-1"},"canonical":"https:\/\/dreamsquad.com.br\/en\/politica-de-privacidade\/","og_locale":"en_US","og_type":"article","og_title":"Pol\u00edtica de privacidade","og_description":"DreamSquad Tecnologia LTDA contato@dreamsquad.com.br Pol\u00edtica de Privacidade 1. Informa\u00e7\u00f5es Gerais1.1. Esta Pol\u00edtica de Privacidade descreve como coletamos, usamos, armazenamos e protegemos as informa\u00e7\u00f5es pessoais que voc\u00ea fornece em nosso site https:\/\/dreamsquad.com.br 1.2. Ao visitar nosso site, voc\u00ea concorda com as pr\u00e1ticas descritas nesta pol\u00edtica de privacidade.2. Informa\u00e7\u00f5es que Coletamos2.1. Podemos coletar informa\u00e7\u00f5es pessoais, como nome, [&hellip;]","og_url":"https:\/\/dreamsquad.com.br\/en\/politica-de-privacidade\/","og_site_name":"DreamSquad","article_modified_time":"2025-06-27T17:59:12+00:00","twitter_card":"summary_large_image","twitter_misc":{"Est. reading time":"2 minutes"},"schema":{"@context":"https:\/\/schema.org","@graph":[{"@type":"WebPage","@id":"https:\/\/dreamsquad.com.br\/politica-de-privacidade\/","url":"https:\/\/dreamsquad.com.br\/politica-de-privacidade\/","name":"Pol\u00edtica de privacidade - DreamSquad","isPartOf":{"@id":"https:\/\/dreamsquad.com.br\/#website"},"datePublished":"2025-06-27T12:00:49+00:00","dateModified":"2025-06-27T17:59:12+00:00","breadcrumb":{"@id":"https:\/\/dreamsquad.com.br\/politica-de-privacidade\/#breadcrumb"},"inLanguage":"en-US","potentialAction":[{"@type":"ReadAction","target":["https:\/\/dreamsquad.com.br\/politica-de-privacidade\/"]}]},{"@type":"BreadcrumbList","@id":"https:\/\/dreamsquad.com.br\/politica-de-privacidade\/#breadcrumb","itemListElement":[{"@type":"ListItem","position":1,"name":"In\u00edcio","item":"https:\/\/dreamsquad.com.br\/"},{"@type":"ListItem","position":2,"name":"Pol\u00edtica de privacidade"}]},{"@type":"WebSite","@id":"https:\/\/dreamsquad.com.br\/#website","url":"https:\/\/dreamsquad.com.br\/","name":"DreamSquad","description":"Refer\u00eancia em AWS, Dados e IA","publisher":{"@id":"https:\/\/dreamsquad.com.br\/#organization"},"potentialAction":[{"@type":"SearchAction","target":{"@type":"EntryPoint","urlTemplate":"https:\/\/dreamsquad.com.br\/?s={search_term_string}"},"query-input":{"@type":"PropertyValueSpecification","valueRequired":true,"valueName":"search_term_string"}}],"inLanguage":"en-US"},{"@type":"Organization","@id":"https:\/\/dreamsquad.com.br\/#organization","name":"DreamSquad","url":"https:\/\/dreamsquad.com.br\/","logo":{"@type":"ImageObject","inLanguage":"en-US","@id":"https:\/\/dreamsquad.com.br\/#\/schema\/logo\/image\/","url":"https:\/\/dreamsquad.com.br\/wp-content\/uploads\/2024\/06\/Logo.png","contentUrl":"https:\/\/dreamsquad.com.br\/wp-content\/uploads\/2024\/06\/Logo.png","width":186,"height":31,"caption":"DreamSquad"},"image":{"@id":"https:\/\/dreamsquad.com.br\/#\/schema\/logo\/image\/"}}]}},"_links":{"self":[{"href":"https:\/\/dreamsquad.com.br\/en\/wp-json\/wp\/v2\/pages\/3","targetHints":{"allow":["GET"]}}],"collection":[{"href":"https:\/\/dreamsquad.com.br\/en\/wp-json\/wp\/v2\/pages"}],"about":[{"href":"https:\/\/dreamsquad.com.br\/en\/wp-json\/wp\/v2\/types\/page"}],"author":[{"embeddable":true,"href":"https:\/\/dreamsquad.com.br\/en\/wp-json\/wp\/v2\/users\/1"}],"replies":[{"embeddable":true,"href":"https:\/\/dreamsquad.com.br\/en\/wp-json\/wp\/v2\/comments?post=3"}],"version-history":[{"count":0,"href":"https:\/\/dreamsquad.com.br\/en\/wp-json\/wp\/v2\/pages\/3\/revisions"}],"wp:attachment":[{"href":"https:\/\/dreamsquad.com.br\/en\/wp-json\/wp\/v2\/media?parent=3"}],"curies":[{"name":"wp","href":"https:\/\/api.w.org\/{rel}","templated":true}]}}